{"id":4039,"date":"2023-05-04T07:02:04","date_gmt":"2023-05-04T07:02:04","guid":{"rendered":"https:\/\/www.ozhandycraft.ee\/?post_type=product&#038;p=4039"},"modified":"2023-05-04T07:09:06","modified_gmt":"2023-05-04T07:09:06","slug":"pulmakutse-classic-3","status":"publish","type":"product","link":"https:\/\/www.ozhandycraft.ee\/et\/toode\/pulmakutse-classic-3\/","title":{"rendered":"Pulmakutse *Classic*"},"content":{"rendered":"<p>Pulmakutse *Classic*.<\/p>\n<p>M\u00f5\u00f5dud : k\u00f5rgus 14 cm, laius 12 cm.<\/p>\n<p>Alus on p\u00e4rlmutter papp, kutse on kaunistatud mustriga disainerist p\u00e4rlmutterpaberiga.<\/p>\n<p>Satiinriba v\u00e4rv on teie valikul (kommentaarides tellimisel m\u00e4\u00e4rake see).<\/p>\n<p>Nimede initsiaalid ja kutse tekst (tellimisel kirjutage see kommentaaris).<\/p>\n<p>Tekst on hinna sees.<\/p>\n","protected":false},"excerpt":{"rendered":"<p>Pulmakutse *Classic*.<\/p>\n","protected":false},"featured_media":4041,"template":"","meta":{"site-sidebar-layout":"default","site-content-layout":"default","ast-site-content-layout":"default","site-content-style":"default","site-sidebar-style":"default","ast-global-header-display":"","ast-banner-title-visibility":"","ast-main-header-display":"","ast-hfb-above-header-display":"","ast-hfb-below-header-display":"","ast-hfb-mobile-header-display":"","site-post-title":"","ast-breadcrumbs-content":"","ast-featured-img":"","footer-sml-layout":"","ast-disable-related-posts":"","theme-transparent-header-meta":"default","adv-header-id-meta":"","stick-header-meta":"default","header-above-stick-meta":"","header-main-stick-meta":"","header-below-stick-meta":"","astra-migrate-meta-layouts":"default","ast-page-background-enabled":"default","ast-page-background-meta":{"desktop":{"background-color":"","background-image":"","background-repeat":"repeat","background-position":"center center","background-size":"auto","background-attachment":"scroll","background-type":"","background-media":"","overlay-type":"","overlay-color":"","overlay-opacity":"","overlay-gradient":""},"tablet":{"background-color":"","background-image":"","background-repeat":"repeat","background-position":"center center","background-size":"auto","background-attachment":"scroll","background-type":"","background-media":"","overlay-type":"","overlay-color":"","overlay-opacity":"","overlay-gradient":""},"mobile":{"background-color":"","background-image":"","background-repeat":"repeat","background-position":"center center","background-size":"auto","background-attachment":"scroll","background-type":"","background-media":"","overlay-type":"","overlay-color":"","overlay-opacity":"","overlay-gradient":""}},"ast-content-background-meta":{"desktop":{"background-color":"var(--ast-global-color-5)","background-image":"","background-repeat":"repeat","background-position":"center center","background-size":"auto","background-attachment":"scroll","background-type":"","background-media":"","overlay-type":"","overlay-color":"","overlay-opacity":"","overlay-gradient":""},"tablet":{"background-color":"var(--ast-global-color-5)","background-image":"","background-repeat":"repeat","background-position":"center center","background-size":"auto","background-attachment":"scroll","background-type":"","background-media":"","overlay-type":"","overlay-color":"","overlay-opacity":"","overlay-gradient":""},"mobile":{"background-color":"var(--ast-global-color-5)","background-image":"","background-repeat":"repeat","background-position":"center center","background-size":"auto","background-attachment":"scroll","background-type":"","background-media":"","overlay-type":"","overlay-color":"","overlay-opacity":"","overlay-gradient":""}}},"product_brand":[],"product_cat":[50],"product_tag":[],"class_list":{"0":"post-4039","1":"product","2":"type-product","3":"status-publish","4":"has-post-thumbnail","6":"product_cat-pulmakutsed","7":"desktop-align-left","8":"tablet-align-left","9":"mobile-align-left","11":"first","12":"onbackorder","13":"shipping-taxable","14":"purchasable","15":"product-type-simple"},"yoast_head":"<!-- This site is optimized with the Yoast SEO plugin v27.6 - https:\/\/yoast.com\/product\/yoast-seo-wordpress\/ -->\n<title>Pulmakutse *Classic* | Ozhandycraft Stuudio<\/title>\n<meta name=\"description\" content=\"Pulmakutse *Classic*. M\u00f5\u00f5dud : k\u00f5rgus 14 cm, laius 12 cm. Alus on p\u00e4rlmutter papp, kutse on kaunistatud mustriga disainerist p\u00e4rlmutterpaberiga. Satiinriba v\u00e4rv on teie valikul (kommentaarides tellimisel m\u00e4\u00e4rake see). Nimede initsiaalid ja kutse tekst (tellimisel t\u00e4psustage see kommentaaris).\" \/>\n<meta name=\"robots\" content=\"index, follow, max-snippet:-1, max-image-preview:large, max-video-preview:-1\" \/>\n<link rel=\"canonical\" href=\"https:\/\/www.ozhandycraft.ee\/et\/toode\/pulmakutse-classic-3\/\" \/>\n<meta property=\"og:locale\" content=\"et_EE\" \/>\n<meta property=\"og:type\" content=\"article\" \/>\n<meta property=\"og:title\" content=\"Pulmakutse *Classic* | Ozhandycraft Stuudio\" \/>\n<meta property=\"og:description\" content=\"Pulmakutse *Classic*. M\u00f5\u00f5dud : k\u00f5rgus 14 cm, laius 12 cm. Alus on p\u00e4rlmutter papp, kutse on kaunistatud mustriga disainerist p\u00e4rlmutterpaberiga. Satiinriba v\u00e4rv on teie valikul (kommentaarides tellimisel m\u00e4\u00e4rake see). Nimede initsiaalid ja kutse tekst (tellimisel t\u00e4psustage see kommentaaris).\" \/>\n<meta property=\"og:url\" content=\"https:\/\/www.ozhandycraft.ee\/et\/toode\/pulmakutse-classic-3\/\" \/>\n<meta property=\"og:site_name\" content=\"Ozhandycraft Stuudio\" \/>\n<meta property=\"article:modified_time\" content=\"2023-05-04T07:09:06+00:00\" \/>\n<meta property=\"og:image\" content=\"https:\/\/www.ozhandycraft.ee\/wp-content\/uploads\/2023\/05\/33112148_599738837069914_2629297623340679168_n.jpg\" \/>\n\t<meta property=\"og:image:width\" content=\"1920\" \/>\n\t<meta property=\"og:image:height\" content=\"1414\" \/>\n\t<meta property=\"og:image:type\" content=\"image\/jpeg\" \/>\n<meta name=\"twitter:card\" content=\"summary_large_image\" \/>\n<script type=\"application\/ld+json\" class=\"yoast-schema-graph\">{\"@context\":\"https:\\\/\\\/schema.org\",\"@graph\":[{\"@type\":\"WebPage\",\"@id\":\"https:\\\/\\\/www.ozhandycraft.ee\\\/et\\\/toode\\\/pulmakutse-classic-3\\\/\",\"url\":\"https:\\\/\\\/www.ozhandycraft.ee\\\/et\\\/toode\\\/pulmakutse-classic-3\\\/\",\"name\":\"Pulmakutse *Classic* | Ozhandycraft Stuudio\",\"isPartOf\":{\"@id\":\"https:\\\/\\\/www.ozhandycraft.ee\\\/et\\\/#website\"},\"primaryImageOfPage\":{\"@id\":\"https:\\\/\\\/www.ozhandycraft.ee\\\/et\\\/toode\\\/pulmakutse-classic-3\\\/#primaryimage\"},\"image\":{\"@id\":\"https:\\\/\\\/www.ozhandycraft.ee\\\/et\\\/toode\\\/pulmakutse-classic-3\\\/#primaryimage\"},\"thumbnailUrl\":\"https:\\\/\\\/www.ozhandycraft.ee\\\/wp-content\\\/uploads\\\/2023\\\/05\\\/33112148_599738837069914_2629297623340679168_n.jpg\",\"datePublished\":\"2023-05-04T07:02:04+00:00\",\"dateModified\":\"2023-05-04T07:09:06+00:00\",\"description\":\"Pulmakutse *Classic*. M\u00f5\u00f5dud : k\u00f5rgus 14 cm, laius 12 cm. Alus on p\u00e4rlmutter papp, kutse on kaunistatud mustriga disainerist p\u00e4rlmutterpaberiga. Satiinriba v\u00e4rv on teie valikul (kommentaarides tellimisel m\u00e4\u00e4rake see). Nimede initsiaalid ja kutse tekst (tellimisel t\u00e4psustage see kommentaaris).\",\"breadcrumb\":{\"@id\":\"https:\\\/\\\/www.ozhandycraft.ee\\\/et\\\/toode\\\/pulmakutse-classic-3\\\/#breadcrumb\"},\"inLanguage\":\"et\",\"potentialAction\":[{\"@type\":\"ReadAction\",\"target\":[\"https:\\\/\\\/www.ozhandycraft.ee\\\/et\\\/toode\\\/pulmakutse-classic-3\\\/\"]}]},{\"@type\":\"ImageObject\",\"inLanguage\":\"et\",\"@id\":\"https:\\\/\\\/www.ozhandycraft.ee\\\/et\\\/toode\\\/pulmakutse-classic-3\\\/#primaryimage\",\"url\":\"https:\\\/\\\/www.ozhandycraft.ee\\\/wp-content\\\/uploads\\\/2023\\\/05\\\/33112148_599738837069914_2629297623340679168_n.jpg\",\"contentUrl\":\"https:\\\/\\\/www.ozhandycraft.ee\\\/wp-content\\\/uploads\\\/2023\\\/05\\\/33112148_599738837069914_2629297623340679168_n.jpg\",\"width\":1920,\"height\":1414},{\"@type\":\"BreadcrumbList\",\"@id\":\"https:\\\/\\\/www.ozhandycraft.ee\\\/et\\\/toode\\\/pulmakutse-classic-3\\\/#breadcrumb\",\"itemListElement\":[{\"@type\":\"ListItem\",\"position\":1,\"name\":\"\u0413\u043b\u0430\u0432\u043d\u0430\u044f \u0441\u0442\u0440\u0430\u043d\u0438\u0446\u0430\",\"item\":\"https:\\\/\\\/www.ozhandycraft.ee\\\/et\\\/\"},{\"@type\":\"ListItem\",\"position\":2,\"name\":\"Pood\",\"item\":\"https:\\\/\\\/www.ozhandycraft.ee\\\/et\\\/e-pood\\\/\"},{\"@type\":\"ListItem\",\"position\":3,\"name\":\"Pulmakutse *Classic*\"}]},{\"@type\":\"WebSite\",\"@id\":\"https:\\\/\\\/www.ozhandycraft.ee\\\/et\\\/#website\",\"url\":\"https:\\\/\\\/www.ozhandycraft.ee\\\/et\\\/\",\"name\":\"Ozhandycraft Stuudio\",\"description\":\"Lastele haridus- ja huvitegevused\",\"publisher\":{\"@id\":\"https:\\\/\\\/www.ozhandycraft.ee\\\/et\\\/#organization\"},\"potentialAction\":[{\"@type\":\"SearchAction\",\"target\":{\"@type\":\"EntryPoint\",\"urlTemplate\":\"https:\\\/\\\/www.ozhandycraft.ee\\\/et\\\/?s={search_term_string}\"},\"query-input\":{\"@type\":\"PropertyValueSpecification\",\"valueRequired\":true,\"valueName\":\"search_term_string\"}}],\"inLanguage\":\"et\"},{\"@type\":\"Organization\",\"@id\":\"https:\\\/\\\/www.ozhandycraft.ee\\\/et\\\/#organization\",\"name\":\"Ozhandycraft Studio\",\"url\":\"https:\\\/\\\/www.ozhandycraft.ee\\\/et\\\/\",\"logo\":{\"@type\":\"ImageObject\",\"inLanguage\":\"et\",\"@id\":\"https:\\\/\\\/www.ozhandycraft.ee\\\/et\\\/#\\\/schema\\\/logo\\\/image\\\/\",\"url\":\"https:\\\/\\\/www.ozhandycraft.ee\\\/wp-content\\\/uploads\\\/2020\\\/06\\\/logo_ozhandycraft_dark_150x150.png\",\"contentUrl\":\"https:\\\/\\\/www.ozhandycraft.ee\\\/wp-content\\\/uploads\\\/2020\\\/06\\\/logo_ozhandycraft_dark_150x150.png\",\"width\":150,\"height\":151,\"caption\":\"Ozhandycraft Studio\"},\"image\":{\"@id\":\"https:\\\/\\\/www.ozhandycraft.ee\\\/et\\\/#\\\/schema\\\/logo\\\/image\\\/\"}}]}<\/script>\n<!-- \/ Yoast SEO plugin. -->","yoast_head_json":{"title":"Pulmakutse *Classic* | Ozhandycraft Stuudio","description":"Pulmakutse *Classic*. M\u00f5\u00f5dud : k\u00f5rgus 14 cm, laius 12 cm. Alus on p\u00e4rlmutter papp, kutse on kaunistatud mustriga disainerist p\u00e4rlmutterpaberiga. Satiinriba v\u00e4rv on teie valikul (kommentaarides tellimisel m\u00e4\u00e4rake see). Nimede initsiaalid ja kutse tekst (tellimisel t\u00e4psustage see kommentaaris).","robots":{"index":"index","follow":"follow","max-snippet":"max-snippet:-1","max-image-preview":"max-image-preview:large","max-video-preview":"max-video-preview:-1"},"canonical":"https:\/\/www.ozhandycraft.ee\/et\/toode\/pulmakutse-classic-3\/","og_locale":"et_EE","og_type":"article","og_title":"Pulmakutse *Classic* | Ozhandycraft Stuudio","og_description":"Pulmakutse *Classic*. M\u00f5\u00f5dud : k\u00f5rgus 14 cm, laius 12 cm. Alus on p\u00e4rlmutter papp, kutse on kaunistatud mustriga disainerist p\u00e4rlmutterpaberiga. Satiinriba v\u00e4rv on teie valikul (kommentaarides tellimisel m\u00e4\u00e4rake see). Nimede initsiaalid ja kutse tekst (tellimisel t\u00e4psustage see kommentaaris).","og_url":"https:\/\/www.ozhandycraft.ee\/et\/toode\/pulmakutse-classic-3\/","og_site_name":"Ozhandycraft Stuudio","article_modified_time":"2023-05-04T07:09:06+00:00","og_image":[{"width":1920,"height":1414,"url":"https:\/\/www.ozhandycraft.ee\/wp-content\/uploads\/2023\/05\/33112148_599738837069914_2629297623340679168_n.jpg","type":"image\/jpeg"}],"twitter_card":"summary_large_image","schema":{"@context":"https:\/\/schema.org","@graph":[{"@type":"WebPage","@id":"https:\/\/www.ozhandycraft.ee\/et\/toode\/pulmakutse-classic-3\/","url":"https:\/\/www.ozhandycraft.ee\/et\/toode\/pulmakutse-classic-3\/","name":"Pulmakutse *Classic* | Ozhandycraft Stuudio","isPartOf":{"@id":"https:\/\/www.ozhandycraft.ee\/et\/#website"},"primaryImageOfPage":{"@id":"https:\/\/www.ozhandycraft.ee\/et\/toode\/pulmakutse-classic-3\/#primaryimage"},"image":{"@id":"https:\/\/www.ozhandycraft.ee\/et\/toode\/pulmakutse-classic-3\/#primaryimage"},"thumbnailUrl":"https:\/\/www.ozhandycraft.ee\/wp-content\/uploads\/2023\/05\/33112148_599738837069914_2629297623340679168_n.jpg","datePublished":"2023-05-04T07:02:04+00:00","dateModified":"2023-05-04T07:09:06+00:00","description":"Pulmakutse *Classic*. M\u00f5\u00f5dud : k\u00f5rgus 14 cm, laius 12 cm. Alus on p\u00e4rlmutter papp, kutse on kaunistatud mustriga disainerist p\u00e4rlmutterpaberiga. Satiinriba v\u00e4rv on teie valikul (kommentaarides tellimisel m\u00e4\u00e4rake see). Nimede initsiaalid ja kutse tekst (tellimisel t\u00e4psustage see kommentaaris).","breadcrumb":{"@id":"https:\/\/www.ozhandycraft.ee\/et\/toode\/pulmakutse-classic-3\/#breadcrumb"},"inLanguage":"et","potentialAction":[{"@type":"ReadAction","target":["https:\/\/www.ozhandycraft.ee\/et\/toode\/pulmakutse-classic-3\/"]}]},{"@type":"ImageObject","inLanguage":"et","@id":"https:\/\/www.ozhandycraft.ee\/et\/toode\/pulmakutse-classic-3\/#primaryimage","url":"https:\/\/www.ozhandycraft.ee\/wp-content\/uploads\/2023\/05\/33112148_599738837069914_2629297623340679168_n.jpg","contentUrl":"https:\/\/www.ozhandycraft.ee\/wp-content\/uploads\/2023\/05\/33112148_599738837069914_2629297623340679168_n.jpg","width":1920,"height":1414},{"@type":"BreadcrumbList","@id":"https:\/\/www.ozhandycraft.ee\/et\/toode\/pulmakutse-classic-3\/#breadcrumb","itemListElement":[{"@type":"ListItem","position":1,"name":"\u0413\u043b\u0430\u0432\u043d\u0430\u044f \u0441\u0442\u0440\u0430\u043d\u0438\u0446\u0430","item":"https:\/\/www.ozhandycraft.ee\/et\/"},{"@type":"ListItem","position":2,"name":"Pood","item":"https:\/\/www.ozhandycraft.ee\/et\/e-pood\/"},{"@type":"ListItem","position":3,"name":"Pulmakutse *Classic*"}]},{"@type":"WebSite","@id":"https:\/\/www.ozhandycraft.ee\/et\/#website","url":"https:\/\/www.ozhandycraft.ee\/et\/","name":"Ozhandycraft Stuudio","description":"Lastele haridus- ja huvitegevused","publisher":{"@id":"https:\/\/www.ozhandycraft.ee\/et\/#organization"},"potentialAction":[{"@type":"SearchAction","target":{"@type":"EntryPoint","urlTemplate":"https:\/\/www.ozhandycraft.ee\/et\/?s={search_term_string}"},"query-input":{"@type":"PropertyValueSpecification","valueRequired":true,"valueName":"search_term_string"}}],"inLanguage":"et"},{"@type":"Organization","@id":"https:\/\/www.ozhandycraft.ee\/et\/#organization","name":"Ozhandycraft Studio","url":"https:\/\/www.ozhandycraft.ee\/et\/","logo":{"@type":"ImageObject","inLanguage":"et","@id":"https:\/\/www.ozhandycraft.ee\/et\/#\/schema\/logo\/image\/","url":"https:\/\/www.ozhandycraft.ee\/wp-content\/uploads\/2020\/06\/logo_ozhandycraft_dark_150x150.png","contentUrl":"https:\/\/www.ozhandycraft.ee\/wp-content\/uploads\/2020\/06\/logo_ozhandycraft_dark_150x150.png","width":150,"height":151,"caption":"Ozhandycraft Studio"},"image":{"@id":"https:\/\/www.ozhandycraft.ee\/et\/#\/schema\/logo\/image\/"}}]}},"_links":{"self":[{"href":"https:\/\/www.ozhandycraft.ee\/et\/wp-json\/wp\/v2\/product\/4039","targetHints":{"allow":["GET"]}}],"collection":[{"href":"https:\/\/www.ozhandycraft.ee\/et\/wp-json\/wp\/v2\/product"}],"about":[{"href":"https:\/\/www.ozhandycraft.ee\/et\/wp-json\/wp\/v2\/types\/product"}],"wp:featuredmedia":[{"embeddable":true,"href":"https:\/\/www.ozhandycraft.ee\/et\/wp-json\/wp\/v2\/media\/4041"}],"wp:attachment":[{"href":"https:\/\/www.ozhandycraft.ee\/et\/wp-json\/wp\/v2\/media?parent=4039"}],"wp:term":[{"taxonomy":"product_brand","embeddable":true,"href":"https:\/\/www.ozhandycraft.ee\/et\/wp-json\/wp\/v2\/product_brand?post=4039"},{"taxonomy":"product_cat","embeddable":true,"href":"https:\/\/www.ozhandycraft.ee\/et\/wp-json\/wp\/v2\/product_cat?post=4039"},{"taxonomy":"product_tag","embeddable":true,"href":"https:\/\/www.ozhandycraft.ee\/et\/wp-json\/wp\/v2\/product_tag?post=4039"}],"curies":[{"name":"wp","href":"https:\/\/api.w.org\/{rel}","templated":true}]}}