{"id":6258,"date":"2024-04-22T13:15:24","date_gmt":"2024-04-22T13:15:24","guid":{"rendered":"https:\/\/www.ozhandycraft.ee\/?post_type=product&#038;p=6258"},"modified":"2024-04-22T13:27:51","modified_gmt":"2024-04-22T13:27:51","slug":"album-tutrele-%d0%ba%d0%be%d0%bf%d0%b8%d1%80%d0%be%d0%b2%d0%b0%d1%82%d1%8c","status":"publish","type":"product","link":"https:\/\/www.ozhandycraft.ee\/et\/toode\/album-tutrele-%d0%ba%d0%be%d0%bf%d0%b8%d1%80%d0%be%d0%b2%d0%b0%d1%82%d1%8c\/","title":{"rendered":"Album pojale"},"content":{"rendered":"<p>Album pojale. Suurep\u00e4rane kingutus perele, kes ootavad poega v\u00f5i poeg on juba s\u00fcndinud! Albumi sees saab teha m\u00e4rkmeid, taskud fotode eest\u00a0 ja kleepida pilte alates esimesest kuust kuni 12. M\u00f5\u00f5dud 22*16 cm.<\/p>\n","protected":false},"excerpt":{"rendered":"<p>Album pojale. Suurep\u00e4rane kingutus perele, kes ootavad poega v\u00f5i poeg on juba s\u00fcndinud! Albumi sees saab teha m\u00e4rkmeid, taskud fotode eest\u00a0 ja kleepida pilte alates esimesest kuust kuni 12. M\u00f5\u00f5dud 22*16 cm.<\/p>\n","protected":false},"featured_media":6260,"template":"","meta":{"site-sidebar-layout":"default","site-content-layout":"default","ast-site-content-layout":"default","site-content-style":"default","site-sidebar-style":"default","ast-global-header-display":"","ast-banner-title-visibility":"","ast-main-header-display":"","ast-hfb-above-header-display":"","ast-hfb-below-header-display":"","ast-hfb-mobile-header-display":"","site-post-title":"","ast-breadcrumbs-content":"","ast-featured-img":"","footer-sml-layout":"","ast-disable-related-posts":"","theme-transparent-header-meta":"default","adv-header-id-meta":"","stick-header-meta":"default","header-above-stick-meta":"","header-main-stick-meta":"","header-below-stick-meta":"","astra-migrate-meta-layouts":"set","ast-page-background-enabled":"default","ast-page-background-meta":{"desktop":{"background-color":"","background-image":"","background-repeat":"repeat","background-position":"center center","background-size":"auto","background-attachment":"scroll","background-type":"","background-media":"","overlay-type":"","overlay-color":"","overlay-opacity":"","overlay-gradient":""},"tablet":{"background-color":"","background-image":"","background-repeat":"repeat","background-position":"center center","background-size":"auto","background-attachment":"scroll","background-type":"","background-media":"","overlay-type":"","overlay-color":"","overlay-opacity":"","overlay-gradient":""},"mobile":{"background-color":"","background-image":"","background-repeat":"repeat","background-position":"center center","background-size":"auto","background-attachment":"scroll","background-type":"","background-media":"","overlay-type":"","overlay-color":"","overlay-opacity":"","overlay-gradient":""}},"ast-content-background-meta":{"desktop":{"background-color":"var(--ast-global-color-5)","background-image":"","background-repeat":"repeat","background-position":"center center","background-size":"auto","background-attachment":"scroll","background-type":"","background-media":"","overlay-type":"","overlay-color":"","overlay-opacity":"","overlay-gradient":""},"tablet":{"background-color":"var(--ast-global-color-5)","background-image":"","background-repeat":"repeat","background-position":"center center","background-size":"auto","background-attachment":"scroll","background-type":"","background-media":"","overlay-type":"","overlay-color":"","overlay-opacity":"","overlay-gradient":""},"mobile":{"background-color":"var(--ast-global-color-5)","background-image":"","background-repeat":"repeat","background-position":"center center","background-size":"auto","background-attachment":"scroll","background-type":"","background-media":"","overlay-type":"","overlay-color":"","overlay-opacity":"","overlay-gradient":""}}},"product_brand":[],"product_cat":[39],"product_tag":[],"class_list":{"0":"post-6258","1":"product","2":"type-product","3":"status-publish","4":"has-post-thumbnail","6":"product_cat-lastealbumid","7":"desktop-align-left","8":"tablet-align-left","9":"mobile-align-left","11":"first","12":"instock","13":"sale","14":"shipping-taxable","15":"purchasable","16":"product-type-simple"},"yoast_head":"<!-- This site is optimized with the Yoast SEO plugin v27.4 - https:\/\/yoast.com\/product\/yoast-seo-wordpress\/ -->\n<title>Album pojale | Ozhandycraft Stuudio<\/title>\n<meta name=\"description\" content=\"Album pojale. Suurep\u00e4rane kingutus perele, kes ootavad poega v\u00f5i poeg on juba s\u00fcndinud! Albumi sees saab teha m\u00e4rkmeid, taskud fotode eest\u00a0 ja kleepida pilte alates esimesest kuust kuni 12. M\u00f5\u00f5dud 22*16 cm.\" \/>\n<meta name=\"robots\" content=\"index, follow, max-snippet:-1, max-image-preview:large, max-video-preview:-1\" \/>\n<link rel=\"canonical\" href=\"https:\/\/www.ozhandycraft.ee\/et\/toode\/album-tutrele-%d0%ba%d0%be%d0%bf%d0%b8%d1%80%d0%be%d0%b2%d0%b0%d1%82%d1%8c\/\" \/>\n<meta property=\"og:locale\" content=\"et_EE\" \/>\n<meta property=\"og:type\" content=\"article\" \/>\n<meta property=\"og:title\" content=\"Album pojale | Ozhandycraft Stuudio\" \/>\n<meta property=\"og:description\" content=\"Album pojale. Suurep\u00e4rane kingutus perele, kes ootavad poega v\u00f5i poeg on juba s\u00fcndinud! Albumi sees saab teha m\u00e4rkmeid, taskud fotode eest\u00a0 ja kleepida pilte alates esimesest kuust kuni 12. M\u00f5\u00f5dud 22*16 cm.\" \/>\n<meta property=\"og:url\" content=\"https:\/\/www.ozhandycraft.ee\/et\/toode\/album-tutrele-%d0%ba%d0%be%d0%bf%d0%b8%d1%80%d0%be%d0%b2%d0%b0%d1%82%d1%8c\/\" \/>\n<meta property=\"og:site_name\" content=\"Ozhandycraft Stuudio\" \/>\n<meta property=\"article:modified_time\" content=\"2024-04-22T13:27:51+00:00\" \/>\n<meta property=\"og:image\" content=\"https:\/\/www.ozhandycraft.ee\/wp-content\/uploads\/2024\/04\/434925936_1215036702799033_8897022860842331531_n.jpg\" \/>\n\t<meta property=\"og:image:width\" content=\"1536\" \/>\n\t<meta property=\"og:image:height\" content=\"2040\" \/>\n\t<meta property=\"og:image:type\" content=\"image\/jpeg\" \/>\n<meta name=\"twitter:card\" content=\"summary_large_image\" \/>\n<meta name=\"twitter:label1\" content=\"Est. reading time\" \/>\n\t<meta name=\"twitter:data1\" content=\"1 minut\" \/>\n<script type=\"application\/ld+json\" class=\"yoast-schema-graph\">{\"@context\":\"https:\\\/\\\/schema.org\",\"@graph\":[{\"@type\":\"WebPage\",\"@id\":\"https:\\\/\\\/www.ozhandycraft.ee\\\/et\\\/toode\\\/album-tutrele-%d0%ba%d0%be%d0%bf%d0%b8%d1%80%d0%be%d0%b2%d0%b0%d1%82%d1%8c\\\/\",\"url\":\"https:\\\/\\\/www.ozhandycraft.ee\\\/et\\\/toode\\\/album-tutrele-%d0%ba%d0%be%d0%bf%d0%b8%d1%80%d0%be%d0%b2%d0%b0%d1%82%d1%8c\\\/\",\"name\":\"Album pojale | Ozhandycraft Stuudio\",\"isPartOf\":{\"@id\":\"https:\\\/\\\/www.ozhandycraft.ee\\\/et\\\/#website\"},\"primaryImageOfPage\":{\"@id\":\"https:\\\/\\\/www.ozhandycraft.ee\\\/et\\\/toode\\\/album-tutrele-%d0%ba%d0%be%d0%bf%d0%b8%d1%80%d0%be%d0%b2%d0%b0%d1%82%d1%8c\\\/#primaryimage\"},\"image\":{\"@id\":\"https:\\\/\\\/www.ozhandycraft.ee\\\/et\\\/toode\\\/album-tutrele-%d0%ba%d0%be%d0%bf%d0%b8%d1%80%d0%be%d0%b2%d0%b0%d1%82%d1%8c\\\/#primaryimage\"},\"thumbnailUrl\":\"https:\\\/\\\/www.ozhandycraft.ee\\\/wp-content\\\/uploads\\\/2024\\\/04\\\/434925936_1215036702799033_8897022860842331531_n.jpg\",\"datePublished\":\"2024-04-22T13:15:24+00:00\",\"dateModified\":\"2024-04-22T13:27:51+00:00\",\"description\":\"Album pojale. Suurep\u00e4rane kingutus perele, kes ootavad poega v\u00f5i poeg on juba s\u00fcndinud! Albumi sees saab teha m\u00e4rkmeid, taskud fotode eest\u00a0 ja kleepida pilte alates esimesest kuust kuni 12. M\u00f5\u00f5dud 22*16 cm.\",\"breadcrumb\":{\"@id\":\"https:\\\/\\\/www.ozhandycraft.ee\\\/et\\\/toode\\\/album-tutrele-%d0%ba%d0%be%d0%bf%d0%b8%d1%80%d0%be%d0%b2%d0%b0%d1%82%d1%8c\\\/#breadcrumb\"},\"inLanguage\":\"et\",\"potentialAction\":[{\"@type\":\"ReadAction\",\"target\":[\"https:\\\/\\\/www.ozhandycraft.ee\\\/et\\\/toode\\\/album-tutrele-%d0%ba%d0%be%d0%bf%d0%b8%d1%80%d0%be%d0%b2%d0%b0%d1%82%d1%8c\\\/\"]}]},{\"@type\":\"ImageObject\",\"inLanguage\":\"et\",\"@id\":\"https:\\\/\\\/www.ozhandycraft.ee\\\/et\\\/toode\\\/album-tutrele-%d0%ba%d0%be%d0%bf%d0%b8%d1%80%d0%be%d0%b2%d0%b0%d1%82%d1%8c\\\/#primaryimage\",\"url\":\"https:\\\/\\\/www.ozhandycraft.ee\\\/wp-content\\\/uploads\\\/2024\\\/04\\\/434925936_1215036702799033_8897022860842331531_n.jpg\",\"contentUrl\":\"https:\\\/\\\/www.ozhandycraft.ee\\\/wp-content\\\/uploads\\\/2024\\\/04\\\/434925936_1215036702799033_8897022860842331531_n.jpg\",\"width\":1536,\"height\":2040},{\"@type\":\"BreadcrumbList\",\"@id\":\"https:\\\/\\\/www.ozhandycraft.ee\\\/et\\\/toode\\\/album-tutrele-%d0%ba%d0%be%d0%bf%d0%b8%d1%80%d0%be%d0%b2%d0%b0%d1%82%d1%8c\\\/#breadcrumb\",\"itemListElement\":[{\"@type\":\"ListItem\",\"position\":1,\"name\":\"\u0413\u043b\u0430\u0432\u043d\u0430\u044f \u0441\u0442\u0440\u0430\u043d\u0438\u0446\u0430\",\"item\":\"https:\\\/\\\/www.ozhandycraft.ee\\\/et\\\/\"},{\"@type\":\"ListItem\",\"position\":2,\"name\":\"Pood\",\"item\":\"https:\\\/\\\/www.ozhandycraft.ee\\\/et\\\/e-pood\\\/\"},{\"@type\":\"ListItem\",\"position\":3,\"name\":\"Album pojale\"}]},{\"@type\":\"WebSite\",\"@id\":\"https:\\\/\\\/www.ozhandycraft.ee\\\/et\\\/#website\",\"url\":\"https:\\\/\\\/www.ozhandycraft.ee\\\/et\\\/\",\"name\":\"Ozhandycraft Stuudio\",\"description\":\"Lastele haridus- ja huvitegevused\",\"publisher\":{\"@id\":\"https:\\\/\\\/www.ozhandycraft.ee\\\/et\\\/#organization\"},\"potentialAction\":[{\"@type\":\"SearchAction\",\"target\":{\"@type\":\"EntryPoint\",\"urlTemplate\":\"https:\\\/\\\/www.ozhandycraft.ee\\\/et\\\/?s={search_term_string}\"},\"query-input\":{\"@type\":\"PropertyValueSpecification\",\"valueRequired\":true,\"valueName\":\"search_term_string\"}}],\"inLanguage\":\"et\"},{\"@type\":\"Organization\",\"@id\":\"https:\\\/\\\/www.ozhandycraft.ee\\\/et\\\/#organization\",\"name\":\"Ozhandycraft Studio\",\"url\":\"https:\\\/\\\/www.ozhandycraft.ee\\\/et\\\/\",\"logo\":{\"@type\":\"ImageObject\",\"inLanguage\":\"et\",\"@id\":\"https:\\\/\\\/www.ozhandycraft.ee\\\/et\\\/#\\\/schema\\\/logo\\\/image\\\/\",\"url\":\"https:\\\/\\\/www.ozhandycraft.ee\\\/wp-content\\\/uploads\\\/2020\\\/06\\\/logo_ozhandycraft_dark_150x150.png\",\"contentUrl\":\"https:\\\/\\\/www.ozhandycraft.ee\\\/wp-content\\\/uploads\\\/2020\\\/06\\\/logo_ozhandycraft_dark_150x150.png\",\"width\":150,\"height\":151,\"caption\":\"Ozhandycraft Studio\"},\"image\":{\"@id\":\"https:\\\/\\\/www.ozhandycraft.ee\\\/et\\\/#\\\/schema\\\/logo\\\/image\\\/\"}}]}<\/script>\n<!-- \/ Yoast SEO plugin. -->","yoast_head_json":{"title":"Album pojale | Ozhandycraft Stuudio","description":"Album pojale. Suurep\u00e4rane kingutus perele, kes ootavad poega v\u00f5i poeg on juba s\u00fcndinud! Albumi sees saab teha m\u00e4rkmeid, taskud fotode eest\u00a0 ja kleepida pilte alates esimesest kuust kuni 12. M\u00f5\u00f5dud 22*16 cm.","robots":{"index":"index","follow":"follow","max-snippet":"max-snippet:-1","max-image-preview":"max-image-preview:large","max-video-preview":"max-video-preview:-1"},"canonical":"https:\/\/www.ozhandycraft.ee\/et\/toode\/album-tutrele-%d0%ba%d0%be%d0%bf%d0%b8%d1%80%d0%be%d0%b2%d0%b0%d1%82%d1%8c\/","og_locale":"et_EE","og_type":"article","og_title":"Album pojale | Ozhandycraft Stuudio","og_description":"Album pojale. Suurep\u00e4rane kingutus perele, kes ootavad poega v\u00f5i poeg on juba s\u00fcndinud! Albumi sees saab teha m\u00e4rkmeid, taskud fotode eest\u00a0 ja kleepida pilte alates esimesest kuust kuni 12. M\u00f5\u00f5dud 22*16 cm.","og_url":"https:\/\/www.ozhandycraft.ee\/et\/toode\/album-tutrele-%d0%ba%d0%be%d0%bf%d0%b8%d1%80%d0%be%d0%b2%d0%b0%d1%82%d1%8c\/","og_site_name":"Ozhandycraft Stuudio","article_modified_time":"2024-04-22T13:27:51+00:00","og_image":[{"width":1536,"height":2040,"url":"https:\/\/www.ozhandycraft.ee\/wp-content\/uploads\/2024\/04\/434925936_1215036702799033_8897022860842331531_n.jpg","type":"image\/jpeg"}],"twitter_card":"summary_large_image","twitter_misc":{"Est. reading time":"1 minut"},"schema":{"@context":"https:\/\/schema.org","@graph":[{"@type":"WebPage","@id":"https:\/\/www.ozhandycraft.ee\/et\/toode\/album-tutrele-%d0%ba%d0%be%d0%bf%d0%b8%d1%80%d0%be%d0%b2%d0%b0%d1%82%d1%8c\/","url":"https:\/\/www.ozhandycraft.ee\/et\/toode\/album-tutrele-%d0%ba%d0%be%d0%bf%d0%b8%d1%80%d0%be%d0%b2%d0%b0%d1%82%d1%8c\/","name":"Album pojale | Ozhandycraft Stuudio","isPartOf":{"@id":"https:\/\/www.ozhandycraft.ee\/et\/#website"},"primaryImageOfPage":{"@id":"https:\/\/www.ozhandycraft.ee\/et\/toode\/album-tutrele-%d0%ba%d0%be%d0%bf%d0%b8%d1%80%d0%be%d0%b2%d0%b0%d1%82%d1%8c\/#primaryimage"},"image":{"@id":"https:\/\/www.ozhandycraft.ee\/et\/toode\/album-tutrele-%d0%ba%d0%be%d0%bf%d0%b8%d1%80%d0%be%d0%b2%d0%b0%d1%82%d1%8c\/#primaryimage"},"thumbnailUrl":"https:\/\/www.ozhandycraft.ee\/wp-content\/uploads\/2024\/04\/434925936_1215036702799033_8897022860842331531_n.jpg","datePublished":"2024-04-22T13:15:24+00:00","dateModified":"2024-04-22T13:27:51+00:00","description":"Album pojale. Suurep\u00e4rane kingutus perele, kes ootavad poega v\u00f5i poeg on juba s\u00fcndinud! Albumi sees saab teha m\u00e4rkmeid, taskud fotode eest\u00a0 ja kleepida pilte alates esimesest kuust kuni 12. M\u00f5\u00f5dud 22*16 cm.","breadcrumb":{"@id":"https:\/\/www.ozhandycraft.ee\/et\/toode\/album-tutrele-%d0%ba%d0%be%d0%bf%d0%b8%d1%80%d0%be%d0%b2%d0%b0%d1%82%d1%8c\/#breadcrumb"},"inLanguage":"et","potentialAction":[{"@type":"ReadAction","target":["https:\/\/www.ozhandycraft.ee\/et\/toode\/album-tutrele-%d0%ba%d0%be%d0%bf%d0%b8%d1%80%d0%be%d0%b2%d0%b0%d1%82%d1%8c\/"]}]},{"@type":"ImageObject","inLanguage":"et","@id":"https:\/\/www.ozhandycraft.ee\/et\/toode\/album-tutrele-%d0%ba%d0%be%d0%bf%d0%b8%d1%80%d0%be%d0%b2%d0%b0%d1%82%d1%8c\/#primaryimage","url":"https:\/\/www.ozhandycraft.ee\/wp-content\/uploads\/2024\/04\/434925936_1215036702799033_8897022860842331531_n.jpg","contentUrl":"https:\/\/www.ozhandycraft.ee\/wp-content\/uploads\/2024\/04\/434925936_1215036702799033_8897022860842331531_n.jpg","width":1536,"height":2040},{"@type":"BreadcrumbList","@id":"https:\/\/www.ozhandycraft.ee\/et\/toode\/album-tutrele-%d0%ba%d0%be%d0%bf%d0%b8%d1%80%d0%be%d0%b2%d0%b0%d1%82%d1%8c\/#breadcrumb","itemListElement":[{"@type":"ListItem","position":1,"name":"\u0413\u043b\u0430\u0432\u043d\u0430\u044f \u0441\u0442\u0440\u0430\u043d\u0438\u0446\u0430","item":"https:\/\/www.ozhandycraft.ee\/et\/"},{"@type":"ListItem","position":2,"name":"Pood","item":"https:\/\/www.ozhandycraft.ee\/et\/e-pood\/"},{"@type":"ListItem","position":3,"name":"Album pojale"}]},{"@type":"WebSite","@id":"https:\/\/www.ozhandycraft.ee\/et\/#website","url":"https:\/\/www.ozhandycraft.ee\/et\/","name":"Ozhandycraft Stuudio","description":"Lastele haridus- ja huvitegevused","publisher":{"@id":"https:\/\/www.ozhandycraft.ee\/et\/#organization"},"potentialAction":[{"@type":"SearchAction","target":{"@type":"EntryPoint","urlTemplate":"https:\/\/www.ozhandycraft.ee\/et\/?s={search_term_string}"},"query-input":{"@type":"PropertyValueSpecification","valueRequired":true,"valueName":"search_term_string"}}],"inLanguage":"et"},{"@type":"Organization","@id":"https:\/\/www.ozhandycraft.ee\/et\/#organization","name":"Ozhandycraft Studio","url":"https:\/\/www.ozhandycraft.ee\/et\/","logo":{"@type":"ImageObject","inLanguage":"et","@id":"https:\/\/www.ozhandycraft.ee\/et\/#\/schema\/logo\/image\/","url":"https:\/\/www.ozhandycraft.ee\/wp-content\/uploads\/2020\/06\/logo_ozhandycraft_dark_150x150.png","contentUrl":"https:\/\/www.ozhandycraft.ee\/wp-content\/uploads\/2020\/06\/logo_ozhandycraft_dark_150x150.png","width":150,"height":151,"caption":"Ozhandycraft Studio"},"image":{"@id":"https:\/\/www.ozhandycraft.ee\/et\/#\/schema\/logo\/image\/"}}]}},"_links":{"self":[{"href":"https:\/\/www.ozhandycraft.ee\/et\/wp-json\/wp\/v2\/product\/6258","targetHints":{"allow":["GET"]}}],"collection":[{"href":"https:\/\/www.ozhandycraft.ee\/et\/wp-json\/wp\/v2\/product"}],"about":[{"href":"https:\/\/www.ozhandycraft.ee\/et\/wp-json\/wp\/v2\/types\/product"}],"wp:featuredmedia":[{"embeddable":true,"href":"https:\/\/www.ozhandycraft.ee\/et\/wp-json\/wp\/v2\/media\/6260"}],"wp:attachment":[{"href":"https:\/\/www.ozhandycraft.ee\/et\/wp-json\/wp\/v2\/media?parent=6258"}],"wp:term":[{"taxonomy":"product_brand","embeddable":true,"href":"https:\/\/www.ozhandycraft.ee\/et\/wp-json\/wp\/v2\/product_brand?post=6258"},{"taxonomy":"product_cat","embeddable":true,"href":"https:\/\/www.ozhandycraft.ee\/et\/wp-json\/wp\/v2\/product_cat?post=6258"},{"taxonomy":"product_tag","embeddable":true,"href":"https:\/\/www.ozhandycraft.ee\/et\/wp-json\/wp\/v2\/product_tag?post=6258"}],"curies":[{"name":"wp","href":"https:\/\/api.w.org\/{rel}","templated":true}]}}